{"id":116,"date":"2020-10-19T16:32:01","date_gmt":"2020-10-19T14:32:01","guid":{"rendered":"http:\/\/www.stich-online.de\/wordpress\/?page_id=116"},"modified":"2025-09-22T12:23:10","modified_gmt":"2025-09-22T10:23:10","slug":"edelstahl","status":"publish","type":"page","link":"https:\/\/www.stich-online.de\/en\/edelstahl\/","title":{"rendered":"Stainless steel"},"content":{"rendered":"<div class=\"is-layout-flex wp-container-3 wp-block-columns are-vertically-aligned-center\">\n<div class=\"is-layout-flow wp-block-column is-vertically-aligned-center\" style=\"flex-basis:66.66%\">\n<p>As a registered specialist welding company for stainless steel and steel processing, we manufacture products, constructions and complete systems for water supply and wastewater disposal, as well as equipment for biogas plants and landfills. <\/p>\n<\/div>\n\n\n\n<div class=\"is-layout-flow wp-block-column is-vertically-aligned-center\" style=\"flex-basis:33.33%\">\n<figure class=\"wp-block-image size-large\"><img decoding=\"async\" loading=\"lazy\" width=\"409\" height=\"307\" src=\"http:\/\/www.stich-online.de\/wordpress\/wp-content\/uploads\/2020\/10\/ed10.jpg\" alt=\"\" class=\"wp-image-93\" srcset=\"https:\/\/www.stich-online.de\/wordpress\/wp-content\/uploads\/2020\/10\/ed10.jpg 409w, https:\/\/www.stich-online.de\/wordpress\/wp-content\/uploads\/2020\/10\/ed10-300x225.jpg 300w\" sizes=\"(max-width: 409px) 100vw, 409px\" \/><\/figure>\n<\/div>\n<\/div>\n\n\n\n<div class=\"is-layout-flex wp-container-6 wp-block-columns are-vertically-aligned-center\">\n<div class=\"is-layout-flow wp-block-column is-vertically-aligned-center\" style=\"flex-basis:33.33%\">\n<figure class=\"wp-block-image size-large\"><img decoding=\"async\" loading=\"lazy\" width=\"406\" height=\"268\" src=\"http:\/\/www.stich-online.de\/wordpress\/wp-content\/uploads\/2020\/10\/ed1.jpg\" alt=\"\" class=\"wp-image-92\" srcset=\"https:\/\/www.stich-online.de\/wordpress\/wp-content\/uploads\/2020\/10\/ed1.jpg 406w, https:\/\/www.stich-online.de\/wordpress\/wp-content\/uploads\/2020\/10\/ed1-300x198.jpg 300w\" sizes=\"(max-width: 406px) 100vw, 406px\" \/><\/figure>\n<\/div>\n\n\n\n<div class=\"is-layout-flow wp-block-column is-vertically-aligned-center\" style=\"flex-basis:66.66%\">\n<p>We also supply traditional steel and stainless steel welded constructions for private and public buildings, including stairs, railings, balconies and roofing.<\/p>\n<\/div>\n<\/div>\n\n\n\n<p>Thanks to our medium-sized structure, we can guarantee the timely and cost-effective execution of projects, from conception and planning to production and installation.<\/p>\n\n\n\n<p>We produce work of the highest professional standard, in accordance with strict quality control procedures. Visual aspects are, of course, also taken into account, especially for objects with specific form and design requirements, such as interior and exterior equipment for residential buildings, swimming pools and parks.<\/p>\n\n\n\n<figure class=\"is-layout-flex wp-block-gallery-7 wp-block-gallery has-nested-images columns-default is-cropped\">\n<figure class=\"wp-block-image size-large\"><img decoding=\"async\" loading=\"lazy\" width=\"405\" height=\"268\" data-id=\"94\"  src=\"https:\/\/www.stich-online.de\/wordpress\/wp-content\/uploads\/2020\/10\/ed2.jpg\" alt=\"Lochblechgel\u00e4nder an einem Wasserversorgunganlage\" class=\"wp-image-94\" srcset=\"https:\/\/www.stich-online.de\/wordpress\/wp-content\/uploads\/2020\/10\/ed2.jpg 405w, https:\/\/www.stich-online.de\/wordpress\/wp-content\/uploads\/2020\/10\/ed2-300x199.jpg 300w\" sizes=\"(max-width: 405px) 100vw, 405px\" \/><\/figure>\n\n\n\n<figure class=\"wp-block-image size-large\"><img decoding=\"async\" loading=\"lazy\" width=\"405\" height=\"268\" data-id=\"95\"  src=\"https:\/\/www.stich-online.de\/wordpress\/wp-content\/uploads\/2020\/10\/ed3.jpg\" alt=\"Treppenanlage und Abdeckung aus Edelstahl nach der Sanierung eines Trinkwasserhochbeh\u00e4lters\" class=\"wp-image-95\" srcset=\"https:\/\/www.stich-online.de\/wordpress\/wp-content\/uploads\/2020\/10\/ed3.jpg 405w, https:\/\/www.stich-online.de\/wordpress\/wp-content\/uploads\/2020\/10\/ed3-300x199.jpg 300w\" sizes=\"(max-width: 405px) 100vw, 405px\" \/><\/figure>\n\n\n\n<figure class=\"wp-block-image size-large\"><img decoding=\"async\" loading=\"lazy\" width=\"400\" height=\"300\" data-id=\"99\"  src=\"https:\/\/www.stich-online.de\/wordpress\/wp-content\/uploads\/2020\/10\/ed11-e1603116288505.jpg\" alt=\"Offener Jurakiesfilter einer Ents\u00e4uerungsanlage im Bayerischen Wald\" class=\"wp-image-99\"\/><\/figure>\n\n\n\n<figure class=\"wp-block-image size-large\"><img decoding=\"async\" loading=\"lazy\" width=\"400\" height=\"265\" data-id=\"96\"  src=\"https:\/\/www.stich-online.de\/wordpress\/wp-content\/uploads\/2020\/10\/ed5-e1603116334203.jpg\" alt=\"Edelstahlverrohrung im Rohrkeller eines Hochbeh\u00e4lters\" class=\"wp-image-96\"\/><\/figure>\n\n\n\n<figure class=\"wp-block-image size-large\"><img decoding=\"async\" loading=\"lazy\" width=\"400\" height=\"265\" data-id=\"98\"  src=\"https:\/\/www.stich-online.de\/wordpress\/wp-content\/uploads\/2020\/10\/ed7-e1603116309706.jpg\" alt=\"Rohrleitungen und Gel\u00e4nder aus Edelstahl am Belebungsbecken einer Kl\u00e4ranlage\" class=\"wp-image-98\"\/><\/figure>\n\n\n\n<figure class=\"wp-block-image size-large\"><img decoding=\"async\" loading=\"lazy\" width=\"400\" height=\"265\" data-id=\"97\"  src=\"https:\/\/www.stich-online.de\/wordpress\/wp-content\/uploads\/2020\/10\/ed6-e1603116323692.jpg\" alt=\"Edelstahlverrohrung im Rohrkeller eines Hochbeh\u00e4lters\" class=\"wp-image-97\"\/><\/figure>\n<figcaption class=\"blocks-gallery-caption wp-element-caption\">Impressions<\/figcaption><\/figure>","protected":false},"excerpt":{"rendered":"<p>Als eingetragener Schwei\u00dffachbetrieb f\u00fcr Edelstahl- und Stahlverarbeitung fertigen wir Produkte, Konstruktionen und komplette Anlagen f\u00fcr die Wasserversorgung und Abwasserentsorgung sowie Ausstattungen f\u00fcr Biogasanlagen und Deponien. Daneben erhalten Sie von uns auch klassische Schwei\u00dfkonstruktionen aus Stahl und Edelstahl f\u00fcr private und \u00f6ffentliche Geb\u00e4ude wie z.B. Treppen, Gel\u00e4nder, Balkone oder \u00dcberdachungen. Unsere mittelst\u00e4ndische Struktur gew\u00e4hrleistet eine termingerechte [&hellip;]<\/p>","protected":false},"author":1,"featured_media":0,"parent":0,"menu_order":31,"comment_status":"closed","ping_status":"closed","template":"","meta":[],"_links":{"self":[{"href":"https:\/\/www.stich-online.de\/en\/wp-json\/wp\/v2\/pages\/116"}],"collection":[{"href":"https:\/\/www.stich-online.de\/en\/wp-json\/wp\/v2\/pages"}],"about":[{"href":"https:\/\/www.stich-online.de\/en\/wp-json\/wp\/v2\/types\/page"}],"author":[{"embeddable":true,"href":"https:\/\/www.stich-online.de\/en\/wp-json\/wp\/v2\/users\/1"}],"replies":[{"embeddable":true,"href":"https:\/\/www.stich-online.de\/en\/wp-json\/wp\/v2\/comments?post=116"}],"version-history":[{"count":1,"href":"https:\/\/www.stich-online.de\/en\/wp-json\/wp\/v2\/pages\/116\/revisions"}],"predecessor-version":[{"id":876,"href":"https:\/\/www.stich-online.de\/en\/wp-json\/wp\/v2\/pages\/116\/revisions\/876"}],"wp:attachment":[{"href":"https:\/\/www.stich-online.de\/en\/wp-json\/wp\/v2\/media?parent=116"}],"curies":[{"name":"wp","href":"https:\/\/api.w.org\/{rel}","templated":true}]}}