{"id":13,"date":"2020-10-09T16:17:42","date_gmt":"2020-10-09T14:17:42","guid":{"rendered":"http:\/\/www.stich-online.de\/wordpress\/?page_id=13"},"modified":"2025-09-22T12:20:54","modified_gmt":"2025-09-22T10:20:54","slug":"pumpen","status":"publish","type":"page","link":"https:\/\/www.stich-online.de\/en\/pumpen\/","title":{"rendered":"Pumps"},"content":{"rendered":"<div class=\"is-layout-flex wp-container-3 wp-block-columns are-vertically-aligned-center\">\n<div class=\"is-layout-flow wp-block-column is-vertically-aligned-center\" style=\"flex-basis:66.66%\">\n<p><a href=\"http:\/\/www.stich-online.de\/en\/pumpen\/leistungen\/\" data-type=\"page\" data-id=\"145\">Full service \"all around the pump\" <\/a>- For us, this means that, in addition to selling pumps and spare parts, we can offer our customers a comprehensive consulting, repair and maintenance services for all pump brands. These include our 24-hour emergency service.<\/p>\n<\/div>\n\n\n\n<div class=\"is-layout-flow wp-block-column is-vertically-aligned-center\" style=\"flex-basis:33.33%\">\n<figure class=\"wp-block-image size-large\"><img decoding=\"async\" loading=\"lazy\" width=\"240\" height=\"150\" src=\"http:\/\/www.stich-online.de\/wordpress\/wp-content\/uploads\/2020\/11\/KSBPumpen.jpg\" alt=\"\" class=\"wp-image-246\"\/><\/figure>\n<\/div>\n<\/div>\n\n\n\n<p>We also offer a range of services for the actuators, valves and safety devices required for the system.<\/p>\n\n\n\n<figure class=\"is-layout-flex wp-block-gallery-4 wp-block-gallery has-nested-images columns-default is-cropped\">\n<figure class=\"wp-block-image size-large\"><img decoding=\"async\" loading=\"lazy\" width=\"226\" height=\"223\" data-id=\"525\"  src=\"http:\/\/www.stich-online.de\/wordpress\/wp-content\/uploads\/2020\/12\/ksbsupreme.jpg\" alt=\"Energieeffizienter Elektromotor Fabrikat KSB Typ Supreme\" class=\"wp-image-525\"\/><\/figure>\n\n\n\n<figure class=\"wp-block-image size-large\"><img decoding=\"async\" loading=\"lazy\" width=\"224\" height=\"224\" data-id=\"526\"  src=\"http:\/\/www.stich-online.de\/wordpress\/wp-content\/uploads\/2020\/12\/aumasq.jpg\" alt=\"Elektroantrieb Fabrikat Auma Typ SQ\" class=\"wp-image-526\" srcset=\"https:\/\/www.stich-online.de\/wordpress\/wp-content\/uploads\/2020\/12\/aumasq.jpg 224w, https:\/\/www.stich-online.de\/wordpress\/wp-content\/uploads\/2020\/12\/aumasq-150x150.jpg 150w\" sizes=\"(max-width: 224px) 100vw, 224px\" \/><\/figure>\n\n\n\n<figure class=\"wp-block-image size-large\"><img decoding=\"async\" loading=\"lazy\" width=\"225\" height=\"225\" data-id=\"527\"  src=\"http:\/\/www.stich-online.de\/wordpress\/wp-content\/uploads\/2020\/12\/ksbboa.jpg\" alt=\"Absperrventile Fabrikat KSB Typ BOA\" class=\"wp-image-527\" srcset=\"https:\/\/www.stich-online.de\/wordpress\/wp-content\/uploads\/2020\/12\/ksbboa.jpg 225w, https:\/\/www.stich-online.de\/wordpress\/wp-content\/uploads\/2020\/12\/ksbboa-150x150.jpg 150w\" sizes=\"(max-width: 225px) 100vw, 225px\" \/><\/figure>\n\n\n\n<figure class=\"wp-block-image size-large\"><img decoding=\"async\" loading=\"lazy\" width=\"204\" height=\"210\" data-id=\"528\"  src=\"http:\/\/www.stich-online.de\/wordpress\/wp-content\/uploads\/2020\/12\/honeywell.jpg\" alt=\"Trennstation Fabr. Honeywell\" class=\"wp-image-528\"\/><\/figure>\n\n\n\n<figure class=\"wp-block-image size-large\"><img decoding=\"async\" loading=\"lazy\" width=\"210\" height=\"210\" data-id=\"529\"  src=\"http:\/\/www.stich-online.de\/wordpress\/wp-content\/uploads\/2020\/12\/d15p.jpg\" alt=\"Druckminderer Typ D15P Fabrikat Honeywell Braukmann\" class=\"wp-image-529\" srcset=\"https:\/\/www.stich-online.de\/wordpress\/wp-content\/uploads\/2020\/12\/d15p.jpg 210w, https:\/\/www.stich-online.de\/wordpress\/wp-content\/uploads\/2020\/12\/d15p-150x150.jpg 150w\" sizes=\"(max-width: 210px) 100vw, 210px\" \/><\/figure>\n\n\n\n<figure class=\"wp-block-image size-large\"><img decoding=\"async\" loading=\"lazy\" width=\"224\" height=\"224\" data-id=\"530\"  src=\"http:\/\/www.stich-online.de\/wordpress\/wp-content\/uploads\/2020\/12\/isoria.jpg\" alt=\"Absperrklappe Fabrikat KSB Typ Isoria mit pneumatischem Antrieb\" class=\"wp-image-530\" srcset=\"https:\/\/www.stich-online.de\/wordpress\/wp-content\/uploads\/2020\/12\/isoria.jpg 224w, https:\/\/www.stich-online.de\/wordpress\/wp-content\/uploads\/2020\/12\/isoria-150x150.jpg 150w\" sizes=\"(max-width: 224px) 100vw, 224px\" \/><\/figure>\n<\/figure>\n\n\n\n<div class=\"is-layout-flex wp-container-8 wp-block-columns are-vertically-aligned-center\">\n<div class=\"is-layout-flow wp-block-column is-vertically-aligned-center\" style=\"flex-basis:33.33%\">\n<figure class=\"wp-block-image size-large is-resized\"><img decoding=\"async\" loading=\"lazy\" src=\"http:\/\/www.stich-online.de\/wordpress\/wp-content\/uploads\/2020\/12\/Bayernwerk-Fachbetrieb.jpg\" alt=\"\" class=\"wp-image-472\" width=\"170\" height=\"78\"\/><\/figure>\n<\/div>\n\n\n\n<div class=\"is-layout-flow wp-block-column is-vertically-aligned-center\" style=\"flex-basis:66.66%\">\n<p>As a registered specialist electrical company, we can provide complete installations, including the electrical connection of optimally designed pumps and system components.<\/p>\n<\/div>\n<\/div>\n\n\n\n<div class=\"is-layout-flex wp-container-11 wp-block-columns are-vertically-aligned-center\">\n<div class=\"is-layout-flow wp-block-column is-vertically-aligned-center\" style=\"flex-basis:66.66%\">\n<p>Thanks to our partnerships with KSB and Resideo (formerly Honeywell\/Braukmann), we have access to know-how and specialized knowledge of global companies in the plant business. We pass this knowledge on to our customers ...<\/p>\n<\/div>\n\n\n\n<div class=\"is-layout-flow wp-block-column is-vertically-aligned-center\" style=\"flex-basis:33.33%\">\n<figure class=\"wp-block-image size-full\"><a href=\"http:\/\/www.ksb.com\/de-de\" target=\"_blank\" rel=\"noopener\"><img decoding=\"async\" loading=\"lazy\" width=\"799\" height=\"204\" src=\"http:\/\/www.stich-online.de\/wordpress\/wp-content\/uploads\/2025\/09\/KSB-SupremeServ.png\" alt=\"\" class=\"wp-image-854\" srcset=\"https:\/\/www.stich-online.de\/wordpress\/wp-content\/uploads\/2025\/09\/KSB-SupremeServ.png 799w, https:\/\/www.stich-online.de\/wordpress\/wp-content\/uploads\/2025\/09\/KSB-SupremeServ-300x77.png 300w, https:\/\/www.stich-online.de\/wordpress\/wp-content\/uploads\/2025\/09\/KSB-SupremeServ-768x196.png 768w, https:\/\/www.stich-online.de\/wordpress\/wp-content\/uploads\/2025\/09\/KSB-SupremeServ-18x5.png 18w, https:\/\/www.stich-online.de\/wordpress\/wp-content\/uploads\/2025\/09\/KSB-SupremeServ-676x173.png 676w\" sizes=\"(max-width: 799px) 100vw, 799px\" \/><\/a><\/figure>\n<\/div>\n<\/div>\n\n\n\n<div class=\"is-layout-flex wp-container-14 wp-block-columns are-vertically-aligned-center\">\n<div class=\"is-layout-flow wp-block-column is-vertically-aligned-center\" style=\"flex-basis:33.33%\">\n<figure class=\"wp-block-image size-large\"><img decoding=\"async\" loading=\"lazy\" width=\"1024\" height=\"579\" src=\"http:\/\/www.stich-online.de\/wordpress\/wp-content\/uploads\/2023\/03\/Logo_RESIDEO_Servicepartner_Braukmann-1024x579.jpg\" alt=\"\" class=\"wp-image-770\" srcset=\"https:\/\/www.stich-online.de\/wordpress\/wp-content\/uploads\/2023\/03\/Logo_RESIDEO_Servicepartner_Braukmann-1024x579.jpg 1024w, https:\/\/www.stich-online.de\/wordpress\/wp-content\/uploads\/2023\/03\/Logo_RESIDEO_Servicepartner_Braukmann-300x170.jpg 300w, https:\/\/www.stich-online.de\/wordpress\/wp-content\/uploads\/2023\/03\/Logo_RESIDEO_Servicepartner_Braukmann-768x435.jpg 768w, https:\/\/www.stich-online.de\/wordpress\/wp-content\/uploads\/2023\/03\/Logo_RESIDEO_Servicepartner_Braukmann-1536x869.jpg 1536w, https:\/\/www.stich-online.de\/wordpress\/wp-content\/uploads\/2023\/03\/Logo_RESIDEO_Servicepartner_Braukmann-676x383.jpg 676w, https:\/\/www.stich-online.de\/wordpress\/wp-content\/uploads\/2023\/03\/Logo_RESIDEO_Servicepartner_Braukmann.jpg 1601w\" sizes=\"(max-width: 1024px) 100vw, 1024px\" \/><\/figure>\n<\/div>\n\n\n\n<div class=\"is-layout-flow wp-block-column is-vertically-aligned-center\" style=\"flex-basis:66.66%\">\n<p>... enabling us to offer a fast, qualified service for solving (almost) all pump system problems.<\/p>\n<\/div>\n<\/div>\n\n\n\n<figure class=\"is-layout-flex wp-block-gallery-15 wp-block-gallery has-nested-images columns-default is-cropped\">\n<figure class=\"wp-block-image size-large\"><img decoding=\"async\" loading=\"lazy\" width=\"400\" height=\"300\" data-id=\"147\"  src=\"http:\/\/www.stich-online.de\/wordpress\/wp-content\/uploads\/2020\/10\/pa2.gif\" alt=\"Pumpwerk mit Verrohrung und Armaturen\" class=\"wp-image-147\"\/><\/figure>\n\n\n\n<figure class=\"wp-block-image size-large\"><img decoding=\"async\" loading=\"lazy\" width=\"400\" height=\"300\" data-id=\"146\"  src=\"http:\/\/www.stich-online.de\/wordpress\/wp-content\/uploads\/2020\/10\/pa1.gif\" alt=\"Pumpwerk mit Edelstahlverrohrung Armaturen und Treppenanlage Fabrikat Stich\" class=\"wp-image-146\"\/><\/figure>\n<figcaption class=\"blocks-gallery-caption wp-element-caption\">Impressions<\/figcaption><\/figure>","protected":false},"excerpt":{"rendered":"<p>Komplettservice &#8222;Rund um die Pumpe&#8220; hei\u00dft f\u00fcr uns, da\u00df wir unseren Kunden neben dem Verkauf von Pumpen und Ersatzteilen einen umfangreichen Beratungs-, Reparatur- und Wartungsservice, wie z.B. unseren 24-Stunden-Notdienst, f\u00fcr alle Pumpenfabrikate bieten k\u00f6nnen. Unser Serviceangebot erstreckt sich auch auf die in der Anlage erforderlichen bzw. verwendeten Antriebe, Armaturen und Sicherungseinrichtungen. Als eingetragener Elektro-Fachbetrieb erhalten [&hellip;]<\/p>","protected":false},"author":1,"featured_media":0,"parent":0,"menu_order":40,"comment_status":"closed","ping_status":"closed","template":"","meta":[],"_links":{"self":[{"href":"https:\/\/www.stich-online.de\/en\/wp-json\/wp\/v2\/pages\/13"}],"collection":[{"href":"https:\/\/www.stich-online.de\/en\/wp-json\/wp\/v2\/pages"}],"about":[{"href":"https:\/\/www.stich-online.de\/en\/wp-json\/wp\/v2\/types\/page"}],"author":[{"embeddable":true,"href":"https:\/\/www.stich-online.de\/en\/wp-json\/wp\/v2\/users\/1"}],"replies":[{"embeddable":true,"href":"https:\/\/www.stich-online.de\/en\/wp-json\/wp\/v2\/comments?post=13"}],"version-history":[{"count":7,"href":"https:\/\/www.stich-online.de\/en\/wp-json\/wp\/v2\/pages\/13\/revisions"}],"predecessor-version":[{"id":875,"href":"https:\/\/www.stich-online.de\/en\/wp-json\/wp\/v2\/pages\/13\/revisions\/875"}],"wp:attachment":[{"href":"https:\/\/www.stich-online.de\/en\/wp-json\/wp\/v2\/media?parent=13"}],"curies":[{"name":"wp","href":"https:\/\/api.w.org\/{rel}","templated":true}]}}