{"id":162,"date":"2020-10-27T12:13:39","date_gmt":"2020-10-27T11:13:39","guid":{"rendered":"http:\/\/www.stich-online.de\/wordpress\/?page_id=162"},"modified":"2025-07-15T14:49:29","modified_gmt":"2025-07-15T12:49:29","slug":"trinkwasser","status":"publish","type":"page","link":"https:\/\/www.stich-online.de\/en\/referenzen\/trinkwasser\/","title":{"rendered":"Drinking water"},"content":{"rendered":"<figure class=\"wp-block-table\"><table><tbody><tr><td><strong>Project<\/strong><\/td><td><strong>Builder<\/strong><\/td><\/tr><tr><td>Water reservoir Scheuereck<\/td><td>Stadtwerke Zwiesel<\/td><\/tr><tr><td>Manhole renovations<\/td><td>Zweckverband zur Wasserversorgung<br>Landkreis Regensburg S\u00fcd<\/td><\/tr><tr><td>Pumping station Osterholzen<\/td><td>Zweckverband zur Wasserversorgung Ruhstorfer Gruppe<\/td><\/tr><tr><td>Conversion water treatment plant Faistenhaar<\/td><td>Gemeinde Brunnthal<\/td><\/tr><tr><td>Water reservoir Hochstein<\/td><td>Gemeinde Grainet<\/td><\/tr><tr><td>Pumping stations water supply<\/td><td>Stadtwerke Passau<\/td><\/tr><tr><td>Water reservoir Schondorf<\/td><td>Zweckverband zur Wasserversorgung<br>Ammersee-West<\/td><\/tr><tr><td>Treatment building and wells 4+5<\/td><td>Wasserzweckverband Mallersdorf<\/td><\/tr><tr><td>Pressure booster plant NPV Ludwigsthal<\/td><td>Staatliches Bauamt Passau<\/td><\/tr><tr><td>Water reservoir Holzham<\/td><td>Stadt Simbach am Inn<\/td><\/tr><tr><td>UV disinfection plant<\/td><td>Stadtwerke Bobingen<\/td><\/tr><tr><td>Water treatment plant Strasskirchen<\/td><td>Zweckverband Straubing-Land<\/td><\/tr><tr><td>UV plant Deisenhofen<\/td><td>Stadtwerke M\u00fcnchen<\/td><\/tr><tr><td>Water treatment plant Moos<\/td><td>Wasserversorgung Bayerischer Wald<\/td><\/tr><tr><td>Water reservoir Isen<\/td><td>Markt Isen<\/td><\/tr><tr><td>Water treatment plant Taufkirchen<\/td><td>Gemeinde Taufkirchen<\/td><\/tr><tr><td>Water reservoir Chamm\u00fcnster<\/td><td>Stadtwerke Cham<\/td><\/tr><tr><td>Water reservoir Blumenau<\/td><td>Gemeinde Hohenwarth<\/td><\/tr><tr><td>Water supply plant Tann<\/td><td>Markt Tann<\/td><\/tr><tr><td>Water reservoir Hohenlohe<\/td><td>Zweckverband der Wasserversorgungsgruppe Laber-Naab<\/td><\/tr><tr><td>Water treatment plant Neufahrn<\/td><td>Zweckverband zur Wasserversorgung<br>Freising S\u00fcd<\/td><\/tr><tr><td>Water reservoirs Oberlohwies and Scherau, overlift pumping station Klause<\/td><td>Markt Bodenmais<\/td><\/tr><tr><td>Water reservoirs Karoli + Deacidification<\/td><td>Stadt Waldkirchen<\/td><\/tr><tr><td>Manhole renovations<\/td><td>Zweckverband zur Wasserversorgung<br>Regensburg S\u00fcd<\/td><\/tr><tr><td>Water reservoirs Frauenberg and Haidm\u00fchle<\/td><td>Gemeinde Haidm\u00fchle<\/td><\/tr><tr><td>Therme 1 in Bad F\u00fcssing<\/td><td>Gemeinde Bad F\u00fcssing<\/td><\/tr><tr><td>Water treatment plant Klingenberg<\/td><td>Stadtwerke Dresden<\/td><\/tr><\/tbody><\/table><figcaption class=\"wp-element-caption\">Excerpt from our reference list<\/figcaption><\/figure>","protected":false},"excerpt":{"rendered":"<p>Objekt Bauherr Hochbeh\u00e4lter Scheuereck Stadtwerke Zwiesel Schachtsanierungen Zweckverband zur WasserversorgungLandkreis Regensburg S\u00fcd Pumpwerk Osterholzen Zweckverband zur Wasserversorgung Ruhstorfer Gruppe Umbau Wasserwerk Faistenhaar Gemeinde Brunnthal Hochbeh\u00e4lter Hochstein Gemeinde Grainet Pumpwerke Wasserversorgung Stadtwerke Passau Hochbeh\u00e4lter Schondorf Zweckverband zur WasserversorgungAmmersee-West Aufbereitungsgeb\u00e4ude und Brunnen 4+5 Wasserzweckverband Mallersdorf Druckerh\u00f6hungsanlage NPV Ludwigsthal Staatliches Bauamt Passau Hochbeh\u00e4lter Holzham Stadt Simbach am Inn [&hellip;]<\/p>","protected":false},"author":1,"featured_media":0,"parent":160,"menu_order":71,"comment_status":"closed","ping_status":"closed","template":"","meta":[],"_links":{"self":[{"href":"https:\/\/www.stich-online.de\/en\/wp-json\/wp\/v2\/pages\/162"}],"collection":[{"href":"https:\/\/www.stich-online.de\/en\/wp-json\/wp\/v2\/pages"}],"about":[{"href":"https:\/\/www.stich-online.de\/en\/wp-json\/wp\/v2\/types\/page"}],"author":[{"embeddable":true,"href":"https:\/\/www.stich-online.de\/en\/wp-json\/wp\/v2\/users\/1"}],"replies":[{"embeddable":true,"href":"https:\/\/www.stich-online.de\/en\/wp-json\/wp\/v2\/comments?post=162"}],"version-history":[{"count":0,"href":"https:\/\/www.stich-online.de\/en\/wp-json\/wp\/v2\/pages\/162\/revisions"}],"up":[{"embeddable":true,"href":"https:\/\/www.stich-online.de\/en\/wp-json\/wp\/v2\/pages\/160"}],"wp:attachment":[{"href":"https:\/\/www.stich-online.de\/en\/wp-json\/wp\/v2\/media?parent=162"}],"curies":[{"name":"wp","href":"https:\/\/api.w.org\/{rel}","templated":true}]}}