{"id":164,"date":"2020-10-27T13:07:50","date_gmt":"2020-10-27T12:07:50","guid":{"rendered":"http:\/\/www.stich-online.de\/wordpress\/?page_id=164"},"modified":"2025-07-15T14:55:28","modified_gmt":"2025-07-15T12:55:28","slug":"abwasser-klaeranlagen","status":"publish","type":"page","link":"https:\/\/www.stich-online.de\/en\/referenzen\/abwasser-klaeranlagen\/","title":{"rendered":"Sewage water"},"content":{"rendered":"<figure class=\"wp-block-table\"><table><tbody><tr><td><strong>Project<\/strong><\/td><td><strong>Builder<\/strong><\/td><\/tr><tr><td>Sewage plant B\u00fcchlberg<\/td><td>Gemeinde B\u00fcchlberg<\/td><\/tr><tr><td>Sewage plant Unterf\u00f6hring<\/td><td>Gemeinde Unterf\u00f6hring<\/td><\/tr><tr><td>Sewage plant Erlangen<\/td><td>Entw\u00e4sserungsbetrieb der Stadt Erlangen<\/td><\/tr><tr><td>Sewage plant Kulmbach<\/td><td>Stadtwerke Kulmbach<\/td><\/tr><tr><td>Sewage plant F\u00fcrth<\/td><td>Stadtentw\u00e4sserung F\u00fcrth<\/td><\/tr><tr><td>Rainwater pumping stations<\/td><td>M\u00fcnchner Stadtentw\u00e4sserung<\/td><\/tr><tr><td>Sewage plant Furth im Wald<\/td><td>Stadt Furth im Wald<\/td><\/tr><tr><td>Sewage plant Sch\u00f6llnach<\/td><td>Markt Sch\u00f6llnach<\/td><\/tr><tr><td>Sewage plant Freyung<\/td><td>Stadt Freyung<\/td><\/tr><tr><td>Sewage plant Furth\/Grafenau<\/td><td>Stadt Grafenau<\/td><\/tr><tr><td>Rainwater retention basins<\/td><td>Stadt Maxh\u00fctte\/Haidhof<\/td><\/tr><tr><td>Sewage plant Sch\u00f6nthal<\/td><td>Gemeinde Sch\u00f6nthal<\/td><\/tr><tr><td>Sewage plant Herzogm\u00fchle<\/td><td>Zweckverband zur Abwasserbeseitigung im Pfattertal<\/td><\/tr><tr><td>Sewage pumping station Gr\u00fcnau<\/td><td>Stadt Neuburg an der Donau<\/td><\/tr><tr><td>Sewage plant Neukirchen vorm Wald<\/td><td>Gemeinde Neukirchen vorm Wald<\/td><\/tr><tr><td>Sewage plant Burglengenfeld<\/td><td>Stadtwerke Burglengenfeld<\/td><\/tr><tr><td>Sewage plant Schierling<\/td><td>Markt Schierling<\/td><\/tr><tr><td>Sewage plant Egenhofen<\/td><td>Abwasserzweckverband Schweinbach-Glonngruppe<\/td><\/tr><tr><td>Sewage plant R\u00f6hrnbach<\/td><td>Markt R\u00f6hrnbach<\/td><\/tr><tr><td>Sewage plant Kirchberg im Wald<\/td><td>Gemeinde Kirchberg im Wald<\/td><\/tr><tr><td>Sewage plant Spiegelau<\/td><td>Gemeinde Spiegelau<\/td><\/tr><tr><td>Sewage plant Wegscheid<\/td><td>Markt Wegscheid<\/td><\/tr><tr><td>Sewage plant dairy Weihenstephan<\/td><td>Staatliche Molkerei Weihenstephan<\/td><\/tr><tr><td>Sewage plant Neureichenau<\/td><td>Gemeinde Neureichenau<\/td><\/tr><\/tbody><\/table><figcaption class=\"wp-element-caption\">Excerpt from our reference list<\/figcaption><\/figure>","protected":false},"excerpt":{"rendered":"<p>Objekt Bauherr Kl\u00e4ranlage B\u00fcchlberg Gemeinde B\u00fcchlberg Kl\u00e4ranlage Unterf\u00f6hring Gemeinde Unterf\u00f6hring Kl\u00e4rwerk Erlangen Entw\u00e4sserungsbetrieb der Stadt Erlangen Kl\u00e4rwerk Kulmbach Stadtwerke Kulmbach Kl\u00e4ranlage F\u00fcrth Stadtentw\u00e4sserung F\u00fcrth Niederschlagspumpwerke M\u00fcnchner Stadtentw\u00e4sserung Kl\u00e4ranlage Furth im Wald Stadt Furth im Wald Kl\u00e4ranlage Sch\u00f6llnach Markt Sch\u00f6llnach Abwasseranlage Freyung Stadt Freyung Kl\u00e4ranlage Furth\/Grafenau Stadt Grafenau Regen\u00fcberlauf- und Regenr\u00fcckhaltebecken Stadt Maxh\u00fctte\/Haidhof Kl\u00e4ranlage Sch\u00f6nthal Gemeinde [&hellip;]<\/p>","protected":false},"author":1,"featured_media":0,"parent":160,"menu_order":72,"comment_status":"closed","ping_status":"closed","template":"","meta":[],"_links":{"self":[{"href":"https:\/\/www.stich-online.de\/en\/wp-json\/wp\/v2\/pages\/164"}],"collection":[{"href":"https:\/\/www.stich-online.de\/en\/wp-json\/wp\/v2\/pages"}],"about":[{"href":"https:\/\/www.stich-online.de\/en\/wp-json\/wp\/v2\/types\/page"}],"author":[{"embeddable":true,"href":"https:\/\/www.stich-online.de\/en\/wp-json\/wp\/v2\/users\/1"}],"replies":[{"embeddable":true,"href":"https:\/\/www.stich-online.de\/en\/wp-json\/wp\/v2\/comments?post=164"}],"version-history":[{"count":0,"href":"https:\/\/www.stich-online.de\/en\/wp-json\/wp\/v2\/pages\/164\/revisions"}],"up":[{"embeddable":true,"href":"https:\/\/www.stich-online.de\/en\/wp-json\/wp\/v2\/pages\/160"}],"wp:attachment":[{"href":"https:\/\/www.stich-online.de\/en\/wp-json\/wp\/v2\/media?parent=164"}],"curies":[{"name":"wp","href":"https:\/\/api.w.org\/{rel}","templated":true}]}}