{"id":24,"date":"2020-10-12T13:13:09","date_gmt":"2020-10-12T11:13:09","guid":{"rendered":"http:\/\/www.stich-online.de\/wordpress\/?page_id=24"},"modified":"2025-09-22T12:01:58","modified_gmt":"2025-09-22T10:01:58","slug":"willkommen","status":"publish","type":"page","link":"https:\/\/www.stich-online.de\/en\/","title":{"rendered":"Company"},"content":{"rendered":"<p>STICH GmbH was founded in 1989. In addition to its main plant in Spiegelau, the company has a second branch in Neutraubling, near Regensburg. We currently employ 40 people across our two sites.<\/p>\n\n\n\n<figure class=\"is-layout-flex wp-block-gallery-1 wp-block-gallery has-nested-images columns-default is-cropped\">\n<figure class=\"wp-block-image size-large\"><img decoding=\"async\" loading=\"lazy\" width=\"250\" height=\"136\" data-id=\"209\"  src=\"http:\/\/www.stich-online.de\/wordpress\/wp-content\/uploads\/2020\/11\/luftbild.jpg\" alt=\"Luftbild des Firmensitzes der Firma Stich in Spiegelau\" class=\"wp-image-209\"\/><\/figure>\n\n\n\n<figure class=\"wp-block-image size-large\"><img decoding=\"async\" loading=\"lazy\" width=\"250\" height=\"160\" data-id=\"211\"  src=\"http:\/\/www.stich-online.de\/wordpress\/wp-content\/uploads\/2020\/11\/gebaude.jpg\" alt=\"Seitenansicht des Firmengeb\u00e4udes der Firma Stich in Spiegelau\" class=\"wp-image-211\"\/><\/figure>\n\n\n\n<figure class=\"wp-block-image size-large\"><img decoding=\"async\" loading=\"lazy\" width=\"250\" height=\"153\" data-id=\"212\"  src=\"http:\/\/www.stich-online.de\/wordpress\/wp-content\/uploads\/2020\/11\/halle_n.jpg\" alt=\"Firmenhalle der Firma Stich Niederlassung Neutraubling\" class=\"wp-image-212\"\/><\/figure>\n<\/figure>\n\n\n\n<p>In our <a href=\"http:\/\/www.stich-online.de\/en\/edelstahl\/\" data-type=\"page\" data-id=\"145\">Stainless steel \/ Steel processing <\/a> division, we manufacture products, constructions and complete systems for municipal and industrial water, wastewater and biogas plants as well as metal and (stainless) steel constructions for public and private buildings.<\/p>\n\n\n\n<div class=\"is-layout-flex wp-container-5 wp-block-columns\">\n<div class=\"is-layout-flow wp-block-column\" style=\"flex-basis:66.66%\">\n<figure class=\"wp-block-image size-large\"><a href=\"https:\/\/www.en1090.net\/search_fpc.php?jump=search&amp;function=show&amp;NUMBER=T%DCV%20S%DCD|1090-1|00755|2018\" target=\"_blank\" rel=\"noopener noreferrer\"><img decoding=\"async\" loading=\"lazy\" width=\"992\" height=\"587\" src=\"http:\/\/www.stich-online.de\/wordpress\/wp-content\/uploads\/2020\/12\/Zertifikat-TUeV.jpg\" alt=\"\" class=\"wp-image-487\" srcset=\"https:\/\/www.stich-online.de\/wordpress\/wp-content\/uploads\/2020\/12\/Zertifikat-TUeV.jpg 992w, https:\/\/www.stich-online.de\/wordpress\/wp-content\/uploads\/2020\/12\/Zertifikat-TUeV-300x178.jpg 300w, https:\/\/www.stich-online.de\/wordpress\/wp-content\/uploads\/2020\/12\/Zertifikat-TUeV-768x454.jpg 768w, https:\/\/www.stich-online.de\/wordpress\/wp-content\/uploads\/2020\/12\/Zertifikat-TUeV-676x400.jpg 676w\" sizes=\"(max-width: 992px) 100vw, 992px\" \/><\/a><\/figure>\n<\/div>\n\n\n\n<div class=\"is-layout-flow wp-block-column\" style=\"flex-basis:33.33%\">\n<figure class=\"wp-block-image size-large\"><a href=\"https:\/\/www.die-verbindungs-spezialisten.de\" target=\"_blank\" rel=\"noopener noreferrer\"><img decoding=\"async\" loading=\"lazy\" width=\"246\" height=\"42\" src=\"http:\/\/www.stich-online.de\/wordpress\/wp-content\/uploads\/2020\/12\/DVS_logo_de_verband.png\" alt=\"\" class=\"wp-image-500\"\/><\/a><\/figure>\n\n\n\n<figure class=\"wp-block-image size-large\"><a href=\"https:\/\/www.hwkno.de\/\" target=\"_blank\" rel=\"noopener noreferrer\"><img decoding=\"async\" loading=\"lazy\" width=\"343\" height=\"147\" src=\"http:\/\/www.stich-online.de\/wordpress\/wp-content\/uploads\/2020\/12\/hwkno.png\" alt=\"\" class=\"wp-image-506\" srcset=\"https:\/\/www.stich-online.de\/wordpress\/wp-content\/uploads\/2020\/12\/hwkno.png 343w, https:\/\/www.stich-online.de\/wordpress\/wp-content\/uploads\/2020\/12\/hwkno-300x129.png 300w\" sizes=\"(max-width: 343px) 100vw, 343px\" \/><\/a><\/figure>\n\n\n\n<figure class=\"wp-block-image size-large\"><a href=\"https:\/\/www.ihk-niederbayern.de\/\" target=\"_blank\" rel=\"noopener noreferrer\"><img decoding=\"async\" loading=\"lazy\" width=\"1024\" height=\"222\" src=\"http:\/\/www.stich-online.de\/wordpress\/wp-content\/uploads\/2020\/12\/logo-ihkndb-png-data-1024x222.png\" alt=\"\" class=\"wp-image-503\" srcset=\"https:\/\/www.stich-online.de\/wordpress\/wp-content\/uploads\/2020\/12\/logo-ihkndb-png-data-1024x222.png 1024w, https:\/\/www.stich-online.de\/wordpress\/wp-content\/uploads\/2020\/12\/logo-ihkndb-png-data-300x65.png 300w, https:\/\/www.stich-online.de\/wordpress\/wp-content\/uploads\/2020\/12\/logo-ihkndb-png-data-768x167.png 768w, https:\/\/www.stich-online.de\/wordpress\/wp-content\/uploads\/2020\/12\/logo-ihkndb-png-data-1536x333.png 1536w, https:\/\/www.stich-online.de\/wordpress\/wp-content\/uploads\/2020\/12\/logo-ihkndb-png-data-676x147.png 676w, https:\/\/www.stich-online.de\/wordpress\/wp-content\/uploads\/2020\/12\/logo-ihkndb-png-data.png 1660w\" sizes=\"(max-width: 1024px) 100vw, 1024px\" \/><\/a><\/figure>\n<\/div>\n<\/div>\n\n\n\n<p><\/p>\n\n\n<p><!-- \/wp:columns --><\/p>\n<p><!-- wp:paragraph --><\/p>\n<p><!-- \/wp:paragraph --><\/p>\n<p><!-- wp:paragraph --><\/p>\n<p>In our <a href=\"http:\/\/www.stich-online.de\/en\/pumpen\/\" data-type=\"page\" data-id=\"145\">Pumps<\/a> division, we offer comprehensive \"all around the pump\" services for all brands. Our range of services is completed by offerings for valves and drives.<\/p>\n<p><!-- \/wp:paragraph --><\/p>\n<p><!-- wp:columns --><\/p>\n<div class=\"wp-block-columns\"><!-- wp:column {\"verticalAlignment\":\"top\"} -->\n<p>\u00a0<\/p>\n<div class=\"wp-block-column is-vertically-aligned-top\"><!-- wp:image {\"id\":236,\"width\":216,\"height\":216,\"sizeSlug\":\"large\"} -->\n<p>\u00a0<\/p>\n<figure><\/figure>\n<p>\u00a0<\/p>\n<figure><\/figure>\n<figure class=\"wp-block-image size-large is-resized\"><a href=\"http:\/\/www.ksb.com\/de-de\" target=\"_blank\" rel=\"noopener\"><img decoding=\"async\" loading=\"lazy\" class=\"alignnone wp-image-854 size-medium\" src=\"http:\/\/www.stich-online.de\/wordpress\/wp-content\/uploads\/2025\/09\/KSB-SupremeServ-300x77.png\" alt=\"\" width=\"300\" height=\"77\" srcset=\"https:\/\/www.stich-online.de\/wordpress\/wp-content\/uploads\/2025\/09\/KSB-SupremeServ-300x77.png 300w, https:\/\/www.stich-online.de\/wordpress\/wp-content\/uploads\/2025\/09\/KSB-SupremeServ-768x196.png 768w, https:\/\/www.stich-online.de\/wordpress\/wp-content\/uploads\/2025\/09\/KSB-SupremeServ-18x5.png 18w, https:\/\/www.stich-online.de\/wordpress\/wp-content\/uploads\/2025\/09\/KSB-SupremeServ-676x173.png 676w, https:\/\/www.stich-online.de\/wordpress\/wp-content\/uploads\/2025\/09\/KSB-SupremeServ.png 799w\" sizes=\"(max-width: 300px) 100vw, 300px\" \/><\/a><\/figure>\n<p><!-- \/wp:image --><\/p>\n<\/div>\n<p><!-- \/wp:column --><\/p>\n<p><!-- wp:column {\"verticalAlignment\":\"center\"} --><\/p>\n<div class=\"wp-block-column is-vertically-aligned-center\"><!-- wp:image {\"id\":237,\"width\":378,\"height\":201,\"sizeSlug\":\"large\"} -->\n<p>\u00a0<\/p>\n<figure class=\"wp-block-image size-large is-resized\"><img decoding=\"async\" loading=\"lazy\" class=\"alignnone wp-image-770 size-medium\" src=\"http:\/\/www.stich-online.de\/wordpress\/wp-content\/uploads\/2023\/03\/Logo_RESIDEO_Servicepartner_Braukmann-300x170.jpg\" alt=\"\" width=\"300\" height=\"170\" srcset=\"https:\/\/www.stich-online.de\/wordpress\/wp-content\/uploads\/2023\/03\/Logo_RESIDEO_Servicepartner_Braukmann-300x170.jpg 300w, https:\/\/www.stich-online.de\/wordpress\/wp-content\/uploads\/2023\/03\/Logo_RESIDEO_Servicepartner_Braukmann-1024x579.jpg 1024w, https:\/\/www.stich-online.de\/wordpress\/wp-content\/uploads\/2023\/03\/Logo_RESIDEO_Servicepartner_Braukmann-768x435.jpg 768w, https:\/\/www.stich-online.de\/wordpress\/wp-content\/uploads\/2023\/03\/Logo_RESIDEO_Servicepartner_Braukmann-1536x869.jpg 1536w, https:\/\/www.stich-online.de\/wordpress\/wp-content\/uploads\/2023\/03\/Logo_RESIDEO_Servicepartner_Braukmann-676x383.jpg 676w, https:\/\/www.stich-online.de\/wordpress\/wp-content\/uploads\/2023\/03\/Logo_RESIDEO_Servicepartner_Braukmann.jpg 1601w\" sizes=\"(max-width: 300px) 100vw, 300px\" \/><\/figure>\n<p><!-- \/wp:image --><\/p>\n<\/div>\n<p><!-- \/wp:column --><\/p>\n<\/div>\n<p><!-- \/wp:columns --><\/p>\n<p><!-- wp:paragraph --><\/p>\n<p>We owe our success to our expertise, many years of experience, and the commitment, reliability, and skills of our employees. The many long-standing business relationships and <a href=\"http:\/\/www.stich-online.de\/en\/referenzen\/\" data-type=\"page\" data-id=\"145\">references<\/a> we have accumulated demonstrate that we are on the right track.<\/p>\n<p><!-- \/wp:paragraph --><\/p>\n<p><!-- wp:paragraph --><\/p>\n<p><!-- \/wp:paragraph --><\/p>","protected":false},"excerpt":{"rendered":"<p>Die STICH GmbH wurde 1989 gegr\u00fcndet. Neben der Hauptbetriebsst\u00e4tte in Spiegelau verf\u00fcgt das Unternehmen \u00fcber eine weitere Niederlassung in Neutraubling bei Regensburg. Wir besch\u00e4ftigen derzeit 40 Mitarbeiter an den beiden Standorten. Im Gesch\u00e4ftsbereich Edelstahl- und Stahlverarbeitung fertigen wir Produkte, Konstruktionen und komplette Anlagen f\u00fcr kommunale und industrielle Wasser-, Abwasser- und Biogasanlagen sowie Metall- und (Edel-)Stahlkonstruktionen [&hellip;]<\/p>","protected":false},"author":1,"featured_media":0,"parent":0,"menu_order":5,"comment_status":"closed","ping_status":"closed","template":"","meta":[],"_links":{"self":[{"href":"https:\/\/www.stich-online.de\/en\/wp-json\/wp\/v2\/pages\/24"}],"collection":[{"href":"https:\/\/www.stich-online.de\/en\/wp-json\/wp\/v2\/pages"}],"about":[{"href":"https:\/\/www.stich-online.de\/en\/wp-json\/wp\/v2\/types\/page"}],"author":[{"embeddable":true,"href":"https:\/\/www.stich-online.de\/en\/wp-json\/wp\/v2\/users\/1"}],"replies":[{"embeddable":true,"href":"https:\/\/www.stich-online.de\/en\/wp-json\/wp\/v2\/comments?post=24"}],"version-history":[{"count":6,"href":"https:\/\/www.stich-online.de\/en\/wp-json\/wp\/v2\/pages\/24\/revisions"}],"predecessor-version":[{"id":864,"href":"https:\/\/www.stich-online.de\/en\/wp-json\/wp\/v2\/pages\/24\/revisions\/864"}],"wp:attachment":[{"href":"https:\/\/www.stich-online.de\/en\/wp-json\/wp\/v2\/media?parent=24"}],"curies":[{"name":"wp","href":"https:\/\/api.w.org\/{rel}","templated":true}]}}