{"id":415,"date":"2020-12-05T15:33:35","date_gmt":"2020-12-05T14:33:35","guid":{"rendered":"http:\/\/www.stich-online.de\/wordpress\/?page_id=415"},"modified":"2025-07-15T15:28:00","modified_gmt":"2025-07-15T13:28:00","slug":"metallbau","status":"publish","type":"page","link":"https:\/\/www.stich-online.de\/en\/referenzen\/metallbau\/","title":{"rendered":"Metal \/ steel construction"},"content":{"rendered":"<figure class=\"wp-block-table\"><table><tbody><tr><td><strong>Project<\/strong><\/td><td><strong>Builder<\/strong><\/td><\/tr><tr><td>Elementary school Lalling<\/td><td>Schulverband Lalling<\/td><\/tr><tr><td>Kelten elementary school<\/td><td>Gemeinde Aschheim<\/td><\/tr><tr><td>Primary and secondary school Schwarzenfeld<\/td><td>Markt Schwarzenfeld<\/td><\/tr><tr><td>Folk Music Academy in Bavaria<\/td><td>Stadt Freyung<\/td><\/tr><tr><td>Sports hall Schmiedgasse Mintraching<\/td><td>Gemeinde Mintraching<\/td><\/tr><tr><td>Theodor Billroth School N\u00fcrnberg<\/td><td>Stadt N\u00fcrnberg<\/td><\/tr><tr><td>Old administration building SW Neumarkt<\/td><td>Stadtwerke Neumarkt in der Oberpfalz<\/td><\/tr><tr><td>Primary and secondary school sports hall Finsing<\/td><td>Gemeinde Finsing<\/td><\/tr><tr><td>Balcony systems Block 3, Landshuter-, Mackensenstrasse<\/td><td>Gemeinn\u00fctziger Bauverein Regensburg e.V.<\/td><\/tr><tr><td>District clinic Krumbach<\/td><td>Kreiskliniken G\u00fcnzburg-Krumbach<\/td><\/tr><tr><td>Forensics, Mainkofen District Hospital<\/td><td>Bezirk Oberpfalz<\/td><\/tr><tr><td>Veterinary Clinical Institutes LMU<\/td><td>Staatliches Bauamt 2 M\u00fcnchen<\/td><\/tr><tr><td>Residential complex by the M\u00fchlbach, Garching<\/td><td>Baugesellschaft M\u00fcnchen-Land<\/td><\/tr><tr><td>State secondary school Grafenau<\/td><td>Landkreis Freyung-Grafenau<\/td><\/tr><tr><td>Administration building Ludwig-Thoma-Stra\u00dfe, Regensburg<\/td><td>Bezirk Oberpfalz<\/td><\/tr><tr><td>Vehicle registration office Munich<\/td><td>Landeshauptstadt M\u00fcnchen<\/td><\/tr><tr><td>Clinical center rechts der Isar<\/td><td>Staatliches Bauamt 2 M\u00fcnchen<\/td><\/tr><tr><td>Kindergarten St. Hildegard \/ Dachau<\/td><td>Erzbisch\u00f6fliches Ordinariat M\u00fcnchen<\/td><\/tr><tr><td>Festival barn at the sports park<\/td><td>Gemeinde Aschheim<\/td><\/tr><tr><td>School Judengasse<\/td><td>Stadt N\u00f6rdlingen<\/td><\/tr><tr><td>Terminal 2, Munich Airport<\/td><td>FMG<\/td><\/tr><\/tbody><\/table><figcaption class=\"wp-element-caption\">Excerpt from our reference list<\/figcaption><\/figure>","protected":false},"excerpt":{"rendered":"<p>Objekt Bauherr Grundschule Lalling Schulverband Lalling Kelten-Grundschule Gemeinde Aschheim Grund- und Mittelschule Schwarzenfeld Markt Schwarzenfeld Volksmusikakademie in Bayern Stadt Freyung Sporthalle Schmiedgasse Mintraching Gemeinde Mintraching Theodor-Billroth-Schule N\u00fcrnberg Stadt N\u00fcrnberg Altes Verwaltungsgeb\u00e4ude SW Neumarkt Stadtwerke Neumarkt in der Oberpfalz Schulsporthalle Grund- und Mittelschule Finsing Gemeinde Finsing Balkonanlagen Block 3, Landshuter-, Mackensenstra\u00dfe Gemeinn\u00fctziger Bauverein Regensburg e.V. Kreisklinik [&hellip;]<\/p>","protected":false},"author":1,"featured_media":0,"parent":160,"menu_order":76,"comment_status":"closed","ping_status":"closed","template":"","meta":[],"_links":{"self":[{"href":"https:\/\/www.stich-online.de\/en\/wp-json\/wp\/v2\/pages\/415"}],"collection":[{"href":"https:\/\/www.stich-online.de\/en\/wp-json\/wp\/v2\/pages"}],"about":[{"href":"https:\/\/www.stich-online.de\/en\/wp-json\/wp\/v2\/types\/page"}],"author":[{"embeddable":true,"href":"https:\/\/www.stich-online.de\/en\/wp-json\/wp\/v2\/users\/1"}],"replies":[{"embeddable":true,"href":"https:\/\/www.stich-online.de\/en\/wp-json\/wp\/v2\/comments?post=415"}],"version-history":[{"count":0,"href":"https:\/\/www.stich-online.de\/en\/wp-json\/wp\/v2\/pages\/415\/revisions"}],"up":[{"embeddable":true,"href":"https:\/\/www.stich-online.de\/en\/wp-json\/wp\/v2\/pages\/160"}],"wp:attachment":[{"href":"https:\/\/www.stich-online.de\/en\/wp-json\/wp\/v2\/media?parent=415"}],"curies":[{"name":"wp","href":"https:\/\/api.w.org\/{rel}","templated":true}]}}