{"id":657,"date":"2021-12-20T18:59:21","date_gmt":"2021-12-20T17:59:21","guid":{"rendered":"http:\/\/www.stich-online.de\/?page_id=657"},"modified":"2026-04-17T10:52:44","modified_gmt":"2026-04-17T08:52:44","slug":"stellenangebote-metallbau","status":"publish","type":"page","link":"https:\/\/www.stich-online.de\/en\/jobs\/stellenangebote-metallbau\/","title":{"rendered":"Job offers metal working"},"content":{"rendered":"<p>We are recruiting <strong>(f\/m\/d)<\/strong>:<\/p>\n\n\n\n<div class=\"wp-block-media-text alignwide is-stacked-on-mobile\" style=\"grid-template-columns:33% auto\"><figure class=\"wp-block-media-text__media\"><img decoding=\"async\" loading=\"lazy\" width=\"1024\" height=\"683\" src=\"http:\/\/www.stich-online.de\/wordpress\/wp-content\/uploads\/2021\/12\/schweisser-1024x683.jpg\" alt=\"\" class=\"wp-image-675 size-full\" srcset=\"https:\/\/www.stich-online.de\/wordpress\/wp-content\/uploads\/2021\/12\/schweisser-1024x683.jpg 1024w, https:\/\/www.stich-online.de\/wordpress\/wp-content\/uploads\/2021\/12\/schweisser-300x200.jpg 300w, https:\/\/www.stich-online.de\/wordpress\/wp-content\/uploads\/2021\/12\/schweisser-768x512.jpg 768w, https:\/\/www.stich-online.de\/wordpress\/wp-content\/uploads\/2021\/12\/schweisser-676x451.jpg 676w, https:\/\/www.stich-online.de\/wordpress\/wp-content\/uploads\/2021\/12\/schweisser.jpg 1500w\" sizes=\"(max-width: 1024px) 100vw, 1024px\" \/><\/figure><div class=\"wp-block-media-text__content\">\n<p class=\"has-large-font-size\"><strong>Metal worker \/ construction technology<br>Fitter<br>Welder (TIG, MAG)<\/strong><\/p>\n<\/div><\/div>\n\n\n\n<p><\/p>\n\n\n\n<p>We are an expanding medium-sized family business and are looking for metalworkers (m\/f\/d) specialising in construction technology, fitters or welders to strengthen our team in the stainless steel and steel processing division for our production site in Spiegelau.<\/p>\n\n\n\n<p><strong>Task<\/strong><br>Production and installation of steel and stainless steel constructions<br>Production and installation of stainless steel pipe fittings<\/p>\n\n\n\n<p><strong>We offer<\/strong><br>permanent employment<br>varied work<br>above-tariff pay<br><strong>NEW: 4-day week<\/strong> !!<\/p>\n\n\n\n<p><strong>Requirements<\/strong><br>Vocational qualification as a metalworker (construction technology) <em>or<\/em><br>Welder test certificates (TIG, MAG) <em>or<\/em><br>Experience in metal construction \/ stainless steel \/ steel<br>Motivation to work in a team<\/p>\n\n\n\n<p>If you are interested in this opportunity and are seeking a new challenge, we invite you to submit your application via e-mail to <a href=\"mailto:armin.stich@stich-online.de\" class=\"rank-math-link\">armin.stich@stich-online.de<\/a> or by regular post.<\/p>","protected":false},"excerpt":{"rendered":"<p>Wir stellen ein (w\/m\/d): Metallbauer\/KonstruktionstechnikSchlosserSchwei\u00dfer (WIG, MAG) Wir sind ein expandierendes mittelst\u00e4ndisches Familienunternehmen und suchen zur Verst\u00e4rkung unseres Teams im Gesch\u00e4ftsbereich Edelstahl- und Stahlverarbeitung Metallbauer (m\/w\/d), Fachrichtung Konstruktionstechnik, Schlosser oder Schwei\u00dfer f\u00fcr unsere Betriebsst\u00e4tte in Spiegelau. AufgabenFertigung und Montage von Konstruktionen aus Stahl und EdelstahlFertigung und Montage von Rohrformst\u00fccken aus Edelstahl Wir bietenunbefristete Festanstellungabwechslungsreiche T\u00e4tigkeit\u00fcbertarifliche [&hellip;]<\/p>","protected":false},"author":2,"featured_media":0,"parent":654,"menu_order":52,"comment_status":"closed","ping_status":"closed","template":"","meta":[],"_links":{"self":[{"href":"https:\/\/www.stich-online.de\/en\/wp-json\/wp\/v2\/pages\/657"}],"collection":[{"href":"https:\/\/www.stich-online.de\/en\/wp-json\/wp\/v2\/pages"}],"about":[{"href":"https:\/\/www.stich-online.de\/en\/wp-json\/wp\/v2\/types\/page"}],"author":[{"embeddable":true,"href":"https:\/\/www.stich-online.de\/en\/wp-json\/wp\/v2\/users\/2"}],"replies":[{"embeddable":true,"href":"https:\/\/www.stich-online.de\/en\/wp-json\/wp\/v2\/comments?post=657"}],"version-history":[{"count":2,"href":"https:\/\/www.stich-online.de\/en\/wp-json\/wp\/v2\/pages\/657\/revisions"}],"predecessor-version":[{"id":883,"href":"https:\/\/www.stich-online.de\/en\/wp-json\/wp\/v2\/pages\/657\/revisions\/883"}],"up":[{"embeddable":true,"href":"https:\/\/www.stich-online.de\/en\/wp-json\/wp\/v2\/pages\/654"}],"wp:attachment":[{"href":"https:\/\/www.stich-online.de\/en\/wp-json\/wp\/v2\/media?parent=657"}],"curies":[{"name":"wp","href":"https:\/\/api.w.org\/{rel}","templated":true}]}}